{"id":13810,"date":"2025-05-25T12:19:03","date_gmt":"2025-05-25T12:19:03","guid":{"rendered":"https:\/\/pintines.com\/?post_type=product&#038;p=13810"},"modified":"2026-01-28T13:04:06","modified_gmt":"2026-01-28T11:04:06","slug":"dovanu-krepselis-sekmes-labaratorija","status":"publish","type":"product","link":"https:\/\/pintines.com\/lt\/produktas\/dovanu-krepselis-sekmes-labaratorija\/","title":{"rendered":"Dovan\u0173 krep\u0161elis &#8220;S\u0117km\u0117s labaratorija"},"content":{"rendered":"","protected":false},"excerpt":{"rendered":"<p>Dovan\u0173 krep\u0161elio sud\u0117tis:<\/p>\n<ul>\n<li>Kiau\u0161inis THE SECRET WORLD su \u017eaislu ir saldumynais x 1 vnt. ;<\/li>\n<li>Geriamas saldainis LET\u2019S PARTY x 1 vnt.;<\/li>\n<li>Sausainiai MACAROONS MICO x 2 vnt.;<\/li>\n<li>Pur\u0161kiamas saldainis TRIPLE SOUR SPRAY x 1 vnt.;<\/li>\n<li>\u017daidimas KOSMONAUTAS x 1 vnt.;<\/li>\n<li>Sausainiai MACAROONS MICO x 2 vnt.;<\/li>\n<li>Saldainis BRA\u0160K\u0116 x 1 vnt.;<\/li>\n<li>Saldainis M\u0116LYN\u0116 x 1 vnt.;<\/li>\n<li>Kramtomoji gumas CRAZY ROLL + tattoo x 1 vnt.;<\/li>\n<li>Saldainiai CHEWIZZ Sour x 6 vnt.;<\/li>\n<li>Kramtomoji gumas XTREME TURBO x 3 vnt.;<\/li>\n<li>Becukriai saldainiai DIAMOND x 1 vnt.;<\/li>\n<li>\u010ciulpinukas GRYBAS x 2 vnt.;<\/li>\n<li>Geriamas saldainis GAME JELLY x 1 vnt.;<\/li>\n<li>krep\u0161elis 25\u00d719 H10;<\/li>\n<li>Pakavimo priemon\u0117s.<\/li>\n<\/ul>\n<p>Krep\u0161elio sud\u0117tis gali keistis priklausomai nuo turim\u0173 preki\u0173, nesikei\u010diant kainai.<\/p>","protected":false},"featured_media":13834,"template":"","meta":{"_monsterinsights_skip_tracking":false,"_monsterinsights_sitenote_active":false,"_monsterinsights_sitenote_note":"","_monsterinsights_sitenote_category":0},"product_cat":[173,172],"product_tag":[],"_links":{"self":[{"href":"https:\/\/pintines.com\/lt\/wp-json\/wp\/v2\/product\/13810"}],"collection":[{"href":"https:\/\/pintines.com\/lt\/wp-json\/wp\/v2\/product"}],"about":[{"href":"https:\/\/pintines.com\/lt\/wp-json\/wp\/v2\/types\/product"}],"version-history":[{"count":1,"href":"https:\/\/pintines.com\/lt\/wp-json\/wp\/v2\/product\/13810\/revisions"}],"predecessor-version":[{"id":13835,"href":"https:\/\/pintines.com\/lt\/wp-json\/wp\/v2\/product\/13810\/revisions\/13835"}],"wp:featuredmedia":[{"embeddable":true,"href":"https:\/\/pintines.com\/lt\/wp-json\/wp\/v2\/media\/13834"}],"wp:attachment":[{"href":"https:\/\/pintines.com\/lt\/wp-json\/wp\/v2\/media?parent=13810"}],"wp:term":[{"taxonomy":"product_cat","embeddable":true,"href":"https:\/\/pintines.com\/lt\/wp-json\/wp\/v2\/product_cat?post=13810"},{"taxonomy":"product_tag","embeddable":true,"href":"https:\/\/pintines.com\/lt\/wp-json\/wp\/v2\/product_tag?post=13810"}],"curies":[{"name":"wp","href":"https:\/\/api.w.org\/{rel}","templated":true}]}}