{"id":52,"date":"2022-12-01T12:05:13","date_gmt":"2022-12-01T12:05:13","guid":{"rendered":"http:\/\/dummy.xtemos.com\/woodmart2\/mega-electronics-elementor\/?page_id=52"},"modified":"2024-07-21T08:34:02","modified_gmt":"2024-07-21T08:34:02","slug":"delivery-return-2","status":"publish","type":"page","link":"https:\/\/pintines.com\/lt\/delivery-return-2\/","title":{"rendered":"Pristatymas ir gra\u017einimas"},"content":{"rendered":"<div data-elementor-type=\"wp-page\" data-elementor-id=\"52\" class=\"elementor elementor-52\">\n\t\t\t\t<div class=\"wd-negative-gap elementor-element elementor-element-b769d41 e-flex e-con-boxed e-con e-parent\" data-id=\"b769d41\" data-element_type=\"container\">\n\t\t\t\t\t<div class=\"e-con-inner\">\n\t\t<div class=\"elementor-element elementor-element-e439139 e-con-full e-flex e-con e-child\" data-id=\"e439139\" data-element_type=\"container\">\n\t\t<div class=\"elementor-element elementor-element-3a466ed e-con-full e-flex e-con e-child\" data-id=\"3a466ed\" data-element_type=\"container\" data-settings=\"{&quot;background_background&quot;:&quot;classic&quot;}\">\n\t\t\t\t<div class=\"elementor-element elementor-element-bf2d002 elementor-widget__width-initial wd-width-100 elementor-widget elementor-widget-wd_title\" data-id=\"bf2d002\" data-element_type=\"widget\" data-widget_type=\"wd_title.default\">\n\t\t\t\t<div class=\"elementor-widget-container\">\n\t\t\t\t\t\t\t<div class=\"title-wrapper wd-set-mb reset-last-child wd-title-color-white wd-title-style-default wd-title-size-medium text-left\">\n\n\t\t\t\n\t\t\t<div class=\"liner-continer\">\n\t\t\t\t<h4 class=\"woodmart-title-container title wd-fontsize-xl\">Pristatymas ir Gr\u0105\u017einimas<\/h4> \n\t\t\t\t\t\t\t<\/div>\n\n\t\t\t\t\t<\/div>\n\t\t\t\t\t\t<\/div>\n\t\t\t\t<\/div>\n\t\t\t\t<div class=\"elementor-element elementor-element-44e29d2 elementor-widget__width-initial elementor-widget elementor-widget-wd_image_or_svg\" data-id=\"44e29d2\" data-element_type=\"widget\" data-widget_type=\"wd_image_or_svg.default\">\n\t\t\t\t<div class=\"elementor-widget-container\">\n\t\t\t\t\t\n\t\t<div class=\"wd-image text-center\">\n\t\t\t\t\t\t\t\t<img loading=\"lazy\" decoding=\"async\" width=\"420\" height=\"240\" src=\"https:\/\/pintines.com\/wp-content\/uploads\/2023\/01\/delivery-return-img.jpg\" class=\"attachment-full size-full\" alt=\"\" srcset=\"https:\/\/pintines.com\/wp-content\/uploads\/2023\/01\/delivery-return-img.jpg 420w, https:\/\/pintines.com\/wp-content\/uploads\/2023\/01\/delivery-return-img-150x86.jpg 150w\" sizes=\"(max-width: 420px) 100vw, 420px\" \/>\t\t\t\t\t<\/div>\n\n\t\t\t\t\t\t<\/div>\n\t\t\t\t<\/div>\n\t\t\t\t<\/div>\n\t\t\t\t<\/div>\n\t\t<div class=\"wd-sticky-container-lg elementor-element elementor-element-a1c0eeb e-con-full elementor-hidden-tablet elementor-hidden-mobile e-flex e-con e-child\" data-id=\"a1c0eeb\" data-element_type=\"container\">\n\t\t<div class=\"elementor-element elementor-element-d633f79 e-con-full e-flex e-con e-child\" data-id=\"d633f79\" data-element_type=\"container\" data-settings=\"{&quot;background_background&quot;:&quot;classic&quot;}\">\n\t\t\t\t<div class=\"elementor-element elementor-element-dc279f1 wd-width-100 elementor-widget elementor-widget-wd_title\" data-id=\"dc279f1\" data-element_type=\"widget\" data-widget_type=\"wd_title.default\">\n\t\t\t\t<div class=\"elementor-widget-container\">\n\t\t\t\t\t\t\t<div class=\"title-wrapper wd-set-mb reset-last-child wd-title-color-default wd-title-style-default wd-title-size-small text-left\">\n\n\t\t\t\n\t\t\t<div class=\"liner-continer\">\n\t\t\t\t<h4 class=\"woodmart-title-container title wd-fontsize-m\">Reikia pagalbos?<\/h4> \n\t\t\t\t\t\t\t<\/div>\n\n\t\t\t\t\t<\/div>\n\t\t\t\t\t\t<\/div>\n\t\t\t\t<\/div>\n\t\t\t\t<div class=\"elementor-element elementor-element-eb8a096 elementor-widget elementor-widget-wd_list\" data-id=\"eb8a096\" data-element_type=\"widget\" data-widget_type=\"wd_list.default\">\n\t\t\t\t<div class=\"elementor-widget-container\">\n\t\t\t\t\t\t\t<ul class=\"wd-list color-scheme-custom wd-fontsize-xs wd-type-icon wd-style-default text-left\">\n\t\t\t\t\t\t\t\t\t\t\t<li class=\"elementor-repeater-item-b7e03af\">\n\t\t\t\t\t\t\t\t\t\t\t<span class=\"wd-icon\"><img decoding=\"async\"  src=\"https:\/\/pintines.com\/wp-content\/uploads\/2023\/01\/phone-2.svg\" title=\"phone\" loading=\"lazy\" width=\"32\" height=\"32\"><\/span>\t\t\t\t\t\n\t\t\t\t\t<span class=\"wd-list-content list-content\">\n\t\t\t\t\t\t\t\t\t\t\t\t\t<a  href=\"#\">\n\t\t\t\t\t\t\t\t+370 660 28550\t\t\t\t\t\t\t<\/a>\n\t\t\t\t\t\t\t\t\t\t\t<\/span>\n\t\t\t\t<\/li>\n\t\t\t\t\t\t\t\t\t\t\t<li class=\"elementor-repeater-item-c05932f\">\n\t\t\t\t\t\t\t\t\t\t\t<span class=\"wd-icon\"><img decoding=\"async\"  src=\"https:\/\/pintines.com\/wp-content\/uploads\/2023\/01\/email-1.svg\" title=\"email\" loading=\"lazy\" width=\"32\" height=\"32\"><\/span>\t\t\t\t\t\n\t\t\t\t\t<span class=\"wd-list-content list-content\">\n\t\t\t\t\t\t\t\t\t\t\t\t\t<a  href=\"#\">\n\t\t\t\t\t\t\t\tEmail: info@pintines.com\t\t\t\t\t\t\t<\/a>\n\t\t\t\t\t\t\t\t\t\t\t<\/span>\n\t\t\t\t<\/li>\n\t\t\t\t\t<\/ul>\n\n\t\t\t\t\t\t<\/div>\n\t\t\t\t<\/div>\n\t\t\t\t<div class=\"elementor-element elementor-element-77a8528 elementor-hidden-desktop elementor-hidden-tablet elementor-hidden-mobile wd-width-100 elementor-widget elementor-widget-wd_title\" data-id=\"77a8528\" data-element_type=\"widget\" data-widget_type=\"wd_title.default\">\n\t\t\t\t<div class=\"elementor-widget-container\">\n\t\t\t\t\t\t\t<div class=\"title-wrapper wd-set-mb reset-last-child wd-title-color-default wd-title-style-default wd-title-size-small text-left\">\n\n\t\t\t\n\t\t\t<div class=\"liner-continer\">\n\t\t\t\t<h4 class=\"woodmart-title-container title wd-fontsize-m\">Sekite mus<\/h4> \n\t\t\t\t\t\t\t<\/div>\n\n\t\t\t\t\t<\/div>\n\t\t\t\t\t\t<\/div>\n\t\t\t\t<\/div>\n\t\t\t\t<div class=\"elementor-element elementor-element-607371f elementor-hidden-desktop elementor-hidden-tablet elementor-hidden-mobile elementor-widget elementor-widget-wd_social_buttons\" data-id=\"607371f\" data-element_type=\"widget\" data-widget_type=\"wd_social_buttons.default\">\n\t\t\t\t<div class=\"elementor-widget-container\">\n\t\t\t\t\t\t\t\t<div\n\t\t\t\t\t\tclass=\"wd-social-icons wd-style-colored wd-size-default social-share wd-shape-circle color-scheme-dark text-left\">\n\t\t\t\t\n\t\t\t\t\n\t\t\t\t\t\t\t\t\t<a rel=\"noopener noreferrer nofollow\" href=\"https:\/\/www.facebook.com\/sharer\/sharer.php?u=https:\/\/pintines.com\/lt\/delivery-return-2\/\" target=\"_blank\" class=\"wd-social-icon social-facebook\" aria-label=\"Facebook social link\">\n\t\t\t\t\t\t<span class=\"wd-icon\"><\/span>\n\t\t\t\t\t\t\t\t\t\t\t<\/a>\n\t\t\t\t\n\t\t\t\t\t\t\t\t\t<a rel=\"noopener noreferrer nofollow\" href=\"https:\/\/x.com\/share?url=https:\/\/pintines.com\/lt\/delivery-return-2\/\" target=\"_blank\" class=\"wd-social-icon social-twitter\" aria-label=\"X social link\">\n\t\t\t\t\t\t<span class=\"wd-icon\"><\/span>\n\t\t\t\t\t\t\t\t\t\t\t<\/a>\n\t\t\t\t\n\t\t\t\t\n\t\t\t\t\n\t\t\t\t\n\t\t\t\t\n\t\t\t\t\n\t\t\t\t\t\t\t\t\t<a rel=\"noopener noreferrer nofollow\" href=\"https:\/\/pinterest.com\/pin\/create\/button\/?url=https:\/\/pintines.com\/lt\/delivery-return-2\/&media=https:\/\/pintines.com\/wp-includes\/images\/media\/default.svg&description=Delivery+%26%23038%3B+Return\" target=\"_blank\" class=\"wd-social-icon social-pinterest\" aria-label=\"Pinterest social link\">\n\t\t\t\t\t\t<span class=\"wd-icon\"><\/span>\n\t\t\t\t\t\t\t\t\t\t\t<\/a>\n\t\t\t\t\n\t\t\t\t\n\t\t\t\t\t\t\t\t\t<a rel=\"noopener noreferrer nofollow\" href=\"https:\/\/www.linkedin.com\/shareArticle?mini=true&url=https:\/\/pintines.com\/lt\/delivery-return-2\/\" target=\"_blank\" class=\"wd-social-icon social-linkedin\" aria-label=\"Linkedin social link\">\n\t\t\t\t\t\t<span class=\"wd-icon\"><\/span>\n\t\t\t\t\t\t\t\t\t\t\t<\/a>\n\t\t\t\t\n\t\t\t\t\n\t\t\t\t\n\t\t\t\t\n\t\t\t\t\n\t\t\t\t\n\t\t\t\t\n\t\t\t\t\n\t\t\t\t\n\t\t\t\t\n\t\t\t\t\n\t\t\t\t\n\t\t\t\t\n\t\t\t\t\n\t\t\t\t\n\t\t\t\t\n\t\t\t\t\n\t\t\t<\/div>\n\n\t\t\t\t\t\t<\/div>\n\t\t\t\t<\/div>\n\t\t\t\t<\/div>\n\t\t\t\t<\/div>\n\t\t\t\t\t<\/div>\n\t\t\t\t<\/div>\n\t\t<div class=\"wd-negative-gap elementor-element elementor-element-b2c8443 e-flex e-con-boxed e-con e-parent\" data-id=\"b2c8443\" data-element_type=\"container\">\n\t\t\t\t\t<div class=\"e-con-inner\">\n\t\t\t\t<div class=\"elementor-element elementor-element-5252347 elementor-widget elementor-widget-wd_text_block\" data-id=\"5252347\" data-element_type=\"widget\" data-widget_type=\"wd_text_block.default\">\n\t\t\t\t<div class=\"elementor-widget-container\">\n\t\t\t\t\t\t\t<div class=\"wd-text-block reset-last-child text-left\">\n\t\t\t\n\t\t\t<h2>Pristatymo b\u016bdai, kainos ir terminai<\/h2><p>\u00a0<\/p><p>Si\u016blome 3 pristatymo b\u016bdus i\u0161 anksto atsiskai\u010dius u\u017e prekes:<\/p><ol><li><p>Omniva pa\u0161tomatas. Pristatymo tr\u016bkm\u0117: iki 2 d.d. Pristatymo kaina: 2.96\u20ac nepriklausomai nuo svorio ar preki\u0173 kiekio.<\/p><\/li><li><p>LP Express  arba Venipak pa\u0161tomatas. Pristatymo tr\u016bkm\u0117: iki 2 d.d. Pristatymo kaina: 2.66\u20ac. Visi u\u017esakymai, kuri\u0173 vert\u0117 vir\u0161 35 EUR pristatomi \u012f LP Express arba Venipak pa\u0161tomat\u0105 nemokamai.<\/p><\/li><li><p>Pristatymas Venipak kurjeriu \u012f rankas. Pristatymo tr\u016bkm\u0117: iki 2 d.d. Pristatymo kaina: 3.99\u20ac nepriklausomai nuo svorio ar preki\u0173 kiekio. Visi u\u017esakymai, kuri\u0173 vert\u0117 vir\u0161 35 EUR pristatomi Venipak kurjeriu \u012f rankas nemokamai.<\/p><\/li><\/ol><p>Taip pat atsi\u017evelgiant \u012f u\u017esakym\u0173 kiek\u012f si\u016blome prekes atsiimti m\u016bs\u0173 parduotuv\u0117je adresu Savanori\u0173 pr. 176 (Norfa Baz\u0117), Vilniuje. Atsiimti prekes vietoje galima tik i\u0161 anksto apmok\u0117jus. Jeigu \u0161is atsi\u0117mimo b\u016bdas \u0161iuo metu yra galimas, j\u012f matysite krep\u0161elio ir apmok\u0117jimo puslapiuose.<\/p>\n\t\t\t\t\t<\/div>\n\t\t\t\t\t\t<\/div>\n\t\t\t\t<\/div>\n\t\t\t\t<div class=\"elementor-element elementor-element-dd4c28b elementor-widget elementor-widget-wd_text_block\" data-id=\"dd4c28b\" data-element_type=\"widget\" data-widget_type=\"wd_text_block.default\">\n\t\t\t\t<div class=\"elementor-widget-container\">\n\t\t\t\t\t\t\t<div class=\"wd-text-block reset-last-child text-left\">\n\t\t\t\n\t\t\t<h2><strong>Kaip greitai galiu gauti savo u\u017esakym\u0105?<\/strong><\/h2><p>\u017demiau esan\u010dioje lentel\u0117je galite pamatyti savait\u0117s dien\u0105 ir laik\u0105, kada J\u016bs\u0173 u\u017esakymas bus perduotas kurjeriui. Kai J\u016bs\u0173 u\u017esakymas bus perduotas kurjeriui, u\u017esakyme nurodytu el.pa\u0161tu gausite prane\u0161im\u0105. Paprastai kurjeri\u0173 tarnyba pristato prekes J\u016bs\u0173 nurodytu adresu arba \u012f nurodyt\u0105 pa\u0161tomat\u0105 per 48 val. Jei J\u016bs\u0173 u\u017esakymo pristatymas v\u0117luoja ilgiau nei 72 valandas, prane\u0161kite mums \u2013 ra\u0161ykite mums.<\/p><table><thead><tr><th>Laikas, kai pateik\u0117te u\u017esakym\u0105<\/th><th>Laikas, kai J\u016bs\u0173 u\u017esakymas bus perduotas kurjeriui<\/th><\/tr><\/thead><tbody><tr><td>Pirmadienis 13:30- Antradienis 13:30<\/td><td>Antradienis 15:00<\/td><\/tr><tr><td>Antradienis 13:30 \u2013 Tre\u010diadienis 13:30<\/td><td>Tre\u010diadienis 15:00<\/td><\/tr><tr><td>Tre\u010diadienis 13:30 \u2013 Ketvirtadienis 13:30<\/td><td>Ketvirtadienis 15:00<\/td><\/tr><tr><td>Ketvirtadienis 13:30 \u2013 Penktadienis 13:30<\/td><td>Penktadienis 15:00<\/td><\/tr><tr><td>Penktadienis 13:30 \u2013 Pirmadienis 13:30<\/td><td>Pirmadienis 15:00<\/td><\/tr><\/tbody><\/table><p>Preki\u0173 pristatymo taisykles rasite Taisykli\u0173 ir nuostat\u0173 puslapyje.<\/p><p>\u00a0<\/p><p>\u00a0<\/p>\n\t\t\t\t\t<\/div>\n\t\t\t\t\t\t<\/div>\n\t\t\t\t<\/div>\n\t\t\t\t\t<\/div>\n\t\t\t\t<\/div>\n\t\t<div class=\"wd-negative-gap elementor-element elementor-element-7ee89cc e-flex e-con-boxed e-con e-parent\" data-id=\"7ee89cc\" data-element_type=\"container\">\n\t\t\t\t\t<div class=\"e-con-inner\">\n\t\t\t\t<div class=\"elementor-element elementor-element-ad9ef75 elementor-widget elementor-widget-wd_text_block\" data-id=\"ad9ef75\" data-element_type=\"widget\" data-widget_type=\"wd_text_block.default\">\n\t\t\t\t<div class=\"elementor-widget-container\">\n\t\t\t\t\t\t\t<div class=\"wd-text-block reset-last-child text-left\">\n\t\t\t\n\t\t\t<h2>Apmok\u0117jimas<\/h2><p>Apmok\u0117ti u\u017esakym\u0105 galite naudojantis Paysera sistema:<\/p><p>per el. bankininkyst\u0119;\nbanko pavedimu;\nmok\u0117jimo kortele;\ngrynais Perlo arba Maxima kasose.<\/p><p>Tam pasirinkite \u201cEl. bankininkyst\u0117, pervedimas arba mok\u0117jimo kortel\u0117\u201d apmok\u0117jimo b\u016bd\u0105 Apmok\u0117jimo puslapyje.<\/p><p>Alternatyviai, galima u\u017e prekes atsiskaityti koretele arba grynais kurjeriui atsiimant u\u017esakym\u0105. Norint pasirinkti \u0161\u012f apmok\u0117jimo b\u016bd\u0105 krep\u0161elio ar\/ir apmok\u0117jimo puslapyje pasirinkite \u201cPristatymas ir apmok\u0117jimas kurjeriui\u201d ir spauskite mygtuk\u0105 \u201cApmok\u0117ti\u201d. U\u017esakymas bus patvirtintas automati\u0161kai ir apmok\u0117ti reik\u0117s tik kurjeriui atvykus nurodytu adresu. \u0160iam pristatymo b\u016bdui negalioja nemokamo pristatymo nuolaidos kodai ar akcijos.<\/p><p>Apmok\u0117jimo taisykles rasite Taisykli\u0173 ir nuostat\u0173 puslapyje.<\/p>\n\t\t\t\t\t<\/div>\n\t\t\t\t\t\t<\/div>\n\t\t\t\t<\/div>\n\t\t\t\t\t<\/div>\n\t\t\t\t<\/div>\n\t\t\t\t<\/div>","protected":false},"excerpt":{"rendered":"<p>Delivery &amp; Return Need a Help? +370 660 28550 Email: info@pintines.com Subscribe us Delivery Methods, Prices, and Terms \u00a0 We<\/p>","protected":false},"author":1,"featured_media":0,"parent":0,"menu_order":0,"comment_status":"closed","ping_status":"closed","template":"","meta":{"_monsterinsights_skip_tracking":false,"_monsterinsights_sitenote_active":false,"_monsterinsights_sitenote_note":"","_monsterinsights_sitenote_category":0,"footnotes":""},"_links":{"self":[{"href":"https:\/\/pintines.com\/lt\/wp-json\/wp\/v2\/pages\/52"}],"collection":[{"href":"https:\/\/pintines.com\/lt\/wp-json\/wp\/v2\/pages"}],"about":[{"href":"https:\/\/pintines.com\/lt\/wp-json\/wp\/v2\/types\/page"}],"author":[{"embeddable":true,"href":"https:\/\/pintines.com\/lt\/wp-json\/wp\/v2\/users\/1"}],"replies":[{"embeddable":true,"href":"https:\/\/pintines.com\/lt\/wp-json\/wp\/v2\/comments?post=52"}],"version-history":[{"count":45,"href":"https:\/\/pintines.com\/lt\/wp-json\/wp\/v2\/pages\/52\/revisions"}],"predecessor-version":[{"id":12435,"href":"https:\/\/pintines.com\/lt\/wp-json\/wp\/v2\/pages\/52\/revisions\/12435"}],"wp:attachment":[{"href":"https:\/\/pintines.com\/lt\/wp-json\/wp\/v2\/media?parent=52"}],"curies":[{"name":"wp","href":"https:\/\/api.w.org\/{rel}","templated":true}]}}