{"id":12464,"date":"2024-07-27T09:54:36","date_gmt":"2024-07-27T09:54:36","guid":{"rendered":"https:\/\/pintines.com\/?page_id=12464"},"modified":"2024-11-08T15:10:11","modified_gmt":"2024-11-08T15:10:11","slug":"about-gift-basket-business","status":"publish","type":"page","link":"https:\/\/pintines.com\/lt\/about-gift-basket-business\/","title":{"rendered":"Apie dovan\u0173 krep\u0161eli\u0173 versl\u0105"},"content":{"rendered":"<div data-elementor-type=\"wp-page\" data-elementor-id=\"12464\" class=\"elementor elementor-12464\">\n\t\t\t\t<div class=\"elementor-element elementor-element-23e53a8 e-con-full e-flex e-con e-parent\" data-id=\"23e53a8\" data-element_type=\"container\" data-settings=\"{&quot;background_background&quot;:&quot;classic&quot;}\">\n\t\t<div class=\"elementor-element elementor-element-729d0a3 e-flex e-con-boxed e-con e-child\" data-id=\"729d0a3\" data-element_type=\"container\">\n\t\t\t\t\t<div class=\"e-con-inner\">\n\t\t\t\t<div class=\"elementor-element elementor-element-565720f elementor-widget__width-inherit wd-page-title-el elementor-widget elementor-widget-wd_page_title\" data-id=\"565720f\" data-element_type=\"widget\" data-widget_type=\"wd_page_title.default\">\n\t\t\t\t<div class=\"elementor-widget-container\">\n\t\t\t\t\t\t\t\t\t<div class=\"wd-page-title page-title  page-title-default title-size-default title-design-default color-scheme-light\" style=\"\">\n\t\t\t\t\t<div class=\"wd-page-title-bg wd-fill\">\n\t\t\t\t\t\t\t\t\t\t\t<\/div>\n\t\t\t\t\t<div class=\"container\">\n\t\t\t\t\t\t\t\t\t\t\t\t\t\t\t\t\t\t\t\t\t<h1 class=\"entry-title title\">\n\t\t\t\t\t\t\t\t\tApie dovan\u0173 krep\u0161eli\u0173 versl\u0105\t\t\t\t\t\t\t\t<\/h1>\n\n\t\t\t\t\t\t\t\t\t\t\t\t\t\t\t\n\t\t\t\t\t\t\t\t\t\t\t\t\t\t\t<nav class=\"wd-breadcrumbs\"><a href=\"https:\/\/pintines.com\/lt\/\">Home<\/a><span class=\"wd-delimiter\"><\/span><span class=\"wd-last\">Puslapis<\/span><\/nav>\t\t\t\t\t\t\t\t\t\t\t\t\t\t\t\t\t\t<\/div>\n\t\t\t\t<\/div>\n\t\t\t\t\t\t\t<\/div>\n\t\t\t\t<\/div>\n\t\t\t\t\t<\/div>\n\t\t\t\t<\/div>\n\t\t\t\t<\/div>\n\t\t<div class=\"elementor-element elementor-element-4974961 e-flex e-con-boxed e-con e-parent\" data-id=\"4974961\" data-element_type=\"container\">\n\t\t\t\t\t<div class=\"e-con-inner\">\n\t\t\t\t<div class=\"elementor-element elementor-element-5b27c26 elementor-widget elementor-widget-wd_text_block\" data-id=\"5b27c26\" data-element_type=\"widget\" data-widget_type=\"wd_text_block.default\">\n\t\t\t\t<div class=\"elementor-widget-container\">\n\t\t\t\t\t\t\t<div class=\"wd-text-block reset-last-child text-left\">\n\t\t\t\n\t\t\t<h4>Prad\u0117kite Savo Dovan\u0173 Krep\u0161eli\u0173 Versl\u0105: Ma\u017eos Investicijos, Didel\u0117 Gr\u0105\u017ea!<\/h4><p>Ar ie\u0161kote verslo galimyb\u0117s, kuri sujungt\u0173 k\u016brybi\u0161kum\u0105, lankstum\u0105 ir pelningum\u0105? Ie\u0161koti nereikia toliau! Prad\u0117ti dovan\u0173 krep\u0161eli\u0173 versl\u0105 yra puikus pasirinkimas verslininkams, norintiems matyti reik\u0161ming\u0105 finansin\u0119 gr\u0105\u017e\u0105 su minimaliomis pradine investicijomis.<\/p><h4>Ma\u017eos Investicijos, Didel\u0117 Gr\u0105\u017ea<\/h4><p>Viena i\u0161 patraukliausi\u0173 dovan\u0173 krep\u0161eli\u0173 verslo aspekt\u0173 yra ma\u017ea pradin\u0117 investicija. Jums nereikia parduotuv\u0117s ar brangios \u012frangos \u2013 tik aistros kurti gra\u017eius, asmeni\u0161kai pritaikytus dovan\u0173 krep\u0161elius. Su ma\u017eomis bendrosiomis s\u0105naudomis galite maksimaliai padidinti savo pelno mar\u017eas. Kiekvienas krep\u0161elis gali b\u016bti parduotas su dideliu antkainiu, u\u017etikrinant sveik\u0105 investicij\u0173 gr\u0105\u017e\u0105.<\/p><h4>\u012evair\u016bs Dovan\u0173 Krep\u0161eliai<\/h4><p>Kreipiantis \u012f plat\u0173 prog\u0173 ir gav\u0117j\u0173 spektr\u0105, m\u016bs\u0173 dovan\u0173 krep\u0161eliai si\u016blo ka\u017ek\u0105 kiekvienam. Nesvarbu, ar tai gimtadieniai, jubiliejai, \u0161vent\u0117s ar \u012fmoni\u0173 renginiai, galite sukurti teminius krep\u0161elius, kurie atitinka \u012fvairius skonius ir pageidavimus. Nuo gurmani\u0161ko maisto ir vyno krep\u0161eli\u0173 iki SPA ir gerov\u0117s paket\u0173 \u2013 galimyb\u0117s yra begalin\u0117s. J\u016bs\u0173 klientai m\u0117gs asmeni\u0161k\u0105 prisilietim\u0105 ir r\u016bpest\u012f, kur\u012f perteikia kiekvienas krep\u0161elis<\/p><h4>Finansiniai Privalumai<\/h4><p>Dovan\u0173 krep\u0161eli\u0173 verslas suteikia reik\u0161mingus finansinius privalumus. Tur\u0117dami galimyb\u0119 nustatyti savo kainas ir valdyti s\u0105naudas, galite u\u017etikrinti stabil\u0173 pajam\u0173 sraut\u0105. \u0160io verslo lankstumas leid\u017eia dirbti i\u0161 nam\u0173, kontroliuoti savo inventori\u0173 ir pl\u0117sti veikl\u0105 augant klient\u0173 bazei. Be to, per piko sezonus, tokius kaip Kal\u0117dos, Valentino diena ir Motinos diena, dovan\u0173 krep\u0161eli\u0173 paklausa smarkiai padid\u0117ja, suteikiant jums galimyb\u0119 u\u017edirbti dar daugiau.<\/p><h4>Kod\u0117l Rinktis Dovan\u0173 Krep\u0161elius?<\/h4><ul><li><strong>Lankstumas: <\/strong>Dirbkite i\u0161 nam\u0173 ar ma\u017eo studijos, nustatykite savo darbo valandas ir auginkite savo versl\u0105 savo tempu.<\/li><li><strong>K\u016brybi\u0161kumas<\/strong>I\u0161reik\u0161kite savo k\u016brybi\u0161kum\u0105 per unikalius ir asmeni\u0161kai pritaikytus krep\u0161eli\u0173 dizainus.<\/li><li><strong>Pelningumas<\/strong>M\u0117gaukit\u0117s didel\u0117mis pelno mar\u017eomis su minimaliomis bendrosiomis s\u0105naudomis.<\/li><li><strong>Mastelumas<\/strong>\u00a0 Lengvai pl\u0117skite savo versl\u0105 si\u016blydami plat\u0173 produkt\u0173 ir paslaug\u0173 spektr\u0105.<\/li><\/ul><p>Nepraleiskite progos prad\u0117ti pelning\u0105 ir apdovanojant\u012f versl\u0105. Prisijunkite prie augan\u010dios s\u0117kming\u0173 dovan\u0173 krep\u0161eli\u0173 verslinink\u0173 bendruomen\u0117s jau \u0161iandien. Su ma\u017eomis pradin\u0117mis s\u0105naudomis ir didel\u0117mis gr\u0105\u017eomis, j\u016bs\u0173 svajoni\u0173 verslas yra ranka pasiekiamas. Pasinaudokite galimybe ir steb\u0117kite, kaip j\u016bs\u0173 pelnas auga!<\/p>\n\t\t\t\t\t<\/div>\n\t\t\t\t\t\t<\/div>\n\t\t\t\t<\/div>\n\t\t<div class=\"elementor-element elementor-element-5a52084 e-con-full e-flex e-con e-child\" data-id=\"5a52084\" data-element_type=\"container\">\n\t\t<div class=\"elementor-element elementor-element-0827f1b e-con-full e-flex e-con e-child\" data-id=\"0827f1b\" data-element_type=\"container\">\n\t\t\t\t<div class=\"elementor-element elementor-element-b8b8f68 elementor-widget elementor-widget-wd_image_or_svg\" data-id=\"b8b8f68\" data-element_type=\"widget\" data-widget_type=\"wd_image_or_svg.default\">\n\t\t\t\t<div class=\"elementor-widget-container\">\n\t\t\t\t\t\n\t\t<div class=\"wd-image text-left\">\n\t\t\t\t\t\t\t\t<img loading=\"lazy\" decoding=\"async\" width=\"2560\" height=\"2459\" src=\"https:\/\/pintines.com\/wp-content\/uploads\/2024\/07\/DSC_0222-scaled.jpg\" class=\"attachment-full size-full\" alt=\"\" srcset=\"https:\/\/pintines.com\/wp-content\/uploads\/2024\/07\/DSC_0222-scaled.jpg 2560w, https:\/\/pintines.com\/wp-content\/uploads\/2024\/07\/DSC_0222-scaled-150x144.jpg 150w, https:\/\/pintines.com\/wp-content\/uploads\/2024\/07\/DSC_0222-scaled-1200x1153.jpg 1200w, https:\/\/pintines.com\/wp-content\/uploads\/2024\/07\/DSC_0222-300x288.jpg 300w, https:\/\/pintines.com\/wp-content\/uploads\/2024\/07\/DSC_0222-1024x984.jpg 1024w, https:\/\/pintines.com\/wp-content\/uploads\/2024\/07\/DSC_0222-768x738.jpg 768w, https:\/\/pintines.com\/wp-content\/uploads\/2024\/07\/DSC_0222-1536x1475.jpg 1536w, https:\/\/pintines.com\/wp-content\/uploads\/2024\/07\/DSC_0222-2048x1967.jpg 2048w, https:\/\/pintines.com\/wp-content\/uploads\/2024\/07\/DSC_0222-12x12.jpg 12w, https:\/\/pintines.com\/wp-content\/uploads\/2024\/07\/DSC_0222-32x32.jpg 32w\" sizes=\"(max-width: 2560px) 100vw, 2560px\" \/>\t\t\t\t\t<\/div>\n\n\t\t\t\t\t\t<\/div>\n\t\t\t\t<\/div>\n\t\t\t\t<div class=\"elementor-element elementor-element-6da688b elementor-widget elementor-widget-wd_image_or_svg\" data-id=\"6da688b\" data-element_type=\"widget\" data-widget_type=\"wd_image_or_svg.default\">\n\t\t\t\t<div class=\"elementor-widget-container\">\n\t\t\t\t\t\n\t\t<div class=\"wd-image text-left\">\n\t\t\t\t\t\t\t\t<img loading=\"lazy\" decoding=\"async\" width=\"2495\" height=\"2560\" src=\"https:\/\/pintines.com\/wp-content\/uploads\/2024\/07\/DSC_0219-scaled.jpg\" class=\"attachment-full size-full\" alt=\"\" srcset=\"https:\/\/pintines.com\/wp-content\/uploads\/2024\/07\/DSC_0219-scaled.jpg 2495w, https:\/\/pintines.com\/wp-content\/uploads\/2024\/07\/DSC_0219-scaled-150x154.jpg 150w, https:\/\/pintines.com\/wp-content\/uploads\/2024\/07\/DSC_0219-scaled-1200x1231.jpg 1200w, https:\/\/pintines.com\/wp-content\/uploads\/2024\/07\/DSC_0219-292x300.jpg 292w, https:\/\/pintines.com\/wp-content\/uploads\/2024\/07\/DSC_0219-998x1024.jpg 998w, https:\/\/pintines.com\/wp-content\/uploads\/2024\/07\/DSC_0219-768x788.jpg 768w, https:\/\/pintines.com\/wp-content\/uploads\/2024\/07\/DSC_0219-1497x1536.jpg 1497w, https:\/\/pintines.com\/wp-content\/uploads\/2024\/07\/DSC_0219-1996x2048.jpg 1996w, https:\/\/pintines.com\/wp-content\/uploads\/2024\/07\/DSC_0219-12x12.jpg 12w, https:\/\/pintines.com\/wp-content\/uploads\/2024\/07\/DSC_0219-32x32.jpg 32w\" sizes=\"(max-width: 2495px) 100vw, 2495px\" \/>\t\t\t\t\t<\/div>\n\n\t\t\t\t\t\t<\/div>\n\t\t\t\t<\/div>\n\t\t\t\t<div class=\"elementor-element elementor-element-f7d592f elementor-widget elementor-widget-wd_image_or_svg\" data-id=\"f7d592f\" data-element_type=\"widget\" data-widget_type=\"wd_image_or_svg.default\">\n\t\t\t\t<div class=\"elementor-widget-container\">\n\t\t\t\t\t\n\t\t<div class=\"wd-image text-left\">\n\t\t\t\t\t\t\t\t<img loading=\"lazy\" decoding=\"async\" width=\"2488\" height=\"2560\" src=\"https:\/\/pintines.com\/wp-content\/uploads\/2024\/07\/DSC_0080-1-scaled.jpg\" class=\"attachment-full size-full\" alt=\"\" srcset=\"https:\/\/pintines.com\/wp-content\/uploads\/2024\/07\/DSC_0080-1-scaled.jpg 2488w, https:\/\/pintines.com\/wp-content\/uploads\/2024\/07\/DSC_0080-1-scaled-150x154.jpg 150w, https:\/\/pintines.com\/wp-content\/uploads\/2024\/07\/DSC_0080-1-scaled-1200x1235.jpg 1200w, https:\/\/pintines.com\/wp-content\/uploads\/2024\/07\/DSC_0080-1-292x300.jpg 292w, https:\/\/pintines.com\/wp-content\/uploads\/2024\/07\/DSC_0080-1-995x1024.jpg 995w, https:\/\/pintines.com\/wp-content\/uploads\/2024\/07\/DSC_0080-1-768x790.jpg 768w, https:\/\/pintines.com\/wp-content\/uploads\/2024\/07\/DSC_0080-1-1493x1536.jpg 1493w, https:\/\/pintines.com\/wp-content\/uploads\/2024\/07\/DSC_0080-1-1990x2048.jpg 1990w, https:\/\/pintines.com\/wp-content\/uploads\/2024\/07\/DSC_0080-1-12x12.jpg 12w, https:\/\/pintines.com\/wp-content\/uploads\/2024\/07\/DSC_0080-1-32x32.jpg 32w\" sizes=\"(max-width: 2488px) 100vw, 2488px\" \/>\t\t\t\t\t<\/div>\n\n\t\t\t\t\t\t<\/div>\n\t\t\t\t<\/div>\n\t\t\t\t<\/div>\n\t\t<div class=\"wd-negative-gap elementor-element elementor-element-b596efb e-flex e-con-boxed e-con e-child\" data-id=\"b596efb\" data-element_type=\"container\">\n\t\t\t\t\t<div class=\"e-con-inner\">\n\t\t\t\t\t<\/div>\n\t\t\t\t<\/div>\n\t\t\t\t<\/div>\n\t\t\t\t\t<\/div>\n\t\t\t\t<\/div>\n\t\t\t\t<\/div>","protected":false},"excerpt":{"rendered":"<p>Start Your Own Gift Basket Business: Low Investment, High Returns! Are you looking for a business opportunity that combines creativity,<\/p>","protected":false},"author":1,"featured_media":0,"parent":0,"menu_order":0,"comment_status":"closed","ping_status":"closed","template":"elementor_header_footer","meta":{"_monsterinsights_skip_tracking":false,"_monsterinsights_sitenote_active":false,"_monsterinsights_sitenote_note":"","_monsterinsights_sitenote_category":0,"footnotes":""},"_links":{"self":[{"href":"https:\/\/pintines.com\/lt\/wp-json\/wp\/v2\/pages\/12464"}],"collection":[{"href":"https:\/\/pintines.com\/lt\/wp-json\/wp\/v2\/pages"}],"about":[{"href":"https:\/\/pintines.com\/lt\/wp-json\/wp\/v2\/types\/page"}],"author":[{"embeddable":true,"href":"https:\/\/pintines.com\/lt\/wp-json\/wp\/v2\/users\/1"}],"replies":[{"embeddable":true,"href":"https:\/\/pintines.com\/lt\/wp-json\/wp\/v2\/comments?post=12464"}],"version-history":[{"count":49,"href":"https:\/\/pintines.com\/lt\/wp-json\/wp\/v2\/pages\/12464\/revisions"}],"predecessor-version":[{"id":12973,"href":"https:\/\/pintines.com\/lt\/wp-json\/wp\/v2\/pages\/12464\/revisions\/12973"}],"wp:attachment":[{"href":"https:\/\/pintines.com\/lt\/wp-json\/wp\/v2\/media?parent=12464"}],"curies":[{"name":"wp","href":"https:\/\/api.w.org\/{rel}","templated":true}]}}