{"id":12,"date":"2024-02-07T14:31:32","date_gmt":"2024-02-07T14:31:32","guid":{"rendered":"https:\/\/pintines.com\/my-account\/"},"modified":"2024-02-07T14:31:32","modified_gmt":"2024-02-07T14:31:32","slug":"my-account","status":"publish","type":"page","link":"https:\/\/pintines.com\/lt\/my-account\/","title":{"rendered":"My account"},"content":{"rendered":"<div class=\"woocommerce\"><div class=\"woocommerce-notices-wrapper\"><\/div>\n<div class=\"wd-registration-page wd-register-tabs\">\n\n\n<div class=\"wd-grid-f-col\" id=\"customer_login\">\n\n\t<div class=\"wd-col col-login\">\n\n\n\t\t<h2 class=\"wd-login-title\" data-no-translation=\"\" data-trp-gettext=\"\">Prisijungti<\/h2>\n\n\t\t\t\t\t<form id=\"customer_login\" method=\"post\" class=\"login woocommerce-form woocommerce-form-login hidden-form\" action=\"https:\/\/pintines.com\/lt\/my-account\/?action=login\" data-trp-original-action=\"https:\/\/pintines.com\/lt\/my-account\/?action=login\">\n\n\t\t\t\t\n\t\t\t\t\n\t\t\t\t<p class=\"woocommerce-FormRow woocommerce-FormRow--wide form-row form-row-wide form-row-username\">\n\t\t\t\t\t<label for=\"username\">Vartotojo vardas arba el.pa\u0161to adresas&nbsp;<span class=\"required\" aria-hidden=\"true\">*<\/span><span class=\"screen-reader-text\" data-no-translation=\"\" data-trp-gettext=\"\">Privalomas<\/span><\/label>\n\t\t\t\t\t<input type=\"text\" class=\"woocommerce-Input woocommerce-Input--text input-text\" name=\"username\" id=\"username\" autocomplete=\"username\" value=\"\" \/>\t\t\t\t<\/p>\n\t\t\t\t<p class=\"woocommerce-FormRow woocommerce-FormRow--wide form-row form-row-wide form-row-password\">\n\t\t\t\t\t<label for=\"password\">Password&nbsp;<span class=\"required\" aria-hidden=\"true\">*<\/span><span class=\"screen-reader-text\" data-no-translation=\"\" data-trp-gettext=\"\">Privalomas<\/span><\/label>\n\t\t\t\t\t<input class=\"woocommerce-Input woocommerce-Input--text input-text\" type=\"password\" name=\"password\" id=\"password\" autocomplete=\"current-password\" \/>\n\t\t\t\t<\/p>\n\n\t\t\t\t\n\t\t\t\t<p class=\"form-row form-row-btn\">\n\t\t\t\t\t<input type=\"hidden\" id=\"woocommerce-login-nonce\" name=\"woocommerce-login-nonce\" value=\"c0b23f1b4e\" \/><input type=\"hidden\" name=\"_wp_http_referer\" value=\"\/lt\/wp-json\/wp\/v2\/pages\/12\" \/>\t\t\t\t\t\t\t\t\t\t<button type=\"submit\" class=\"button woocommerce-button woocommerce-form-login__submit\" name=\"login\" value=\"Log in\">Log in<\/button>\n\t\t\t\t<\/p>\n\n\t\t\t\t<p class=\"login-form-footer\">\n\t\t\t\t\t<a href=\"https:\/\/pintines.com\/lt\/my-account\/lost-password\/\" class=\"woocommerce-LostPassword lost_password\">Lost your password?<\/a>\n\t\t\t\t\t<label class=\"woocommerce-form__label woocommerce-form__label-for-checkbox woocommerce-form-login__rememberme\">\n\t\t\t\t\t\t<input class=\"woocommerce-form__input woocommerce-form__input-checkbox\" name=\"rememberme\" type=\"checkbox\" value=\"forever\" title=\"Remember me\" aria-label=\"Remember me\" \/> <span>Remember me<\/span>\n\t\t\t\t\t<\/label>\n\t\t\t\t<\/p>\n\n\t\t\t\t\n\t\t\t\t\t\t\t<input type=\"hidden\" name=\"trp-form-language\" value=\"lt\"\/><\/form>\n\n\t\t\n\n\t<\/div>\n\n\t<div class=\"wd-col col-register\">\n\n\t\t<h2 class=\"wd-login-title\" data-no-translation=\"\" data-trp-gettext=\"\">Registruotis<\/h2>\n\n\t\t\t\t<form method=\"post\" action=\"https:\/\/pintines.com\/lt\/my-account\/?action=register\" class=\"woocommerce-form woocommerce-form-register register\" data-trp-original-action=\"https:\/\/pintines.com\/lt\/my-account\/?action=register\"  >\n\t\t\n\t\t\t\t\t\n\t\t\t\t\t\n\t\t\t<p class=\"woocommerce-form-row woocommerce-form-row--wide form-row form-row-wide\">\n\t\t\t\t<label for=\"reg_email\">El.pa\u0161tas&nbsp;<span class=\"required\" aria-hidden=\"true\">*<\/span><span class=\"screen-reader-text\" data-no-translation=\"\" data-trp-gettext=\"\">Privalomas<\/span><\/label>\n\t\t\t\t<input type=\"email\" class=\"woocommerce-Input woocommerce-Input--text input-text\" name=\"email\" id=\"reg_email\" autocomplete=\"email\" value=\"\" \/>\t\t\t<\/p>\n\t\t\n\t\t\t\t\t\n\t\t\t\t<p data-no-translation=\"\" data-trp-gettext=\"\">A link to set a new password will be sent to your email address.<\/p>\n\t\t\n\t\t\t\t\t\n\t\t\t<div style=\"left: -999em; position: absolute;\"><label for=\"trap\" data-no-translation=\"\" data-trp-gettext=\"\">Anti-spam<\/label><input type=\"text\" name=\"email_2\" id=\"trap\" tabindex=\"-1\" \/><\/div>\n\t\t\n\t\t\t<div class=\"pintines-wholesale-fields\"><p class=\"form-row form-row-wide validate-required\" id=\"pintines_user_login_field\" data-priority=\"\"><label for=\"pintines_user_login\" class=\"\">Preferred username \/ Prisijungimo vardas&nbsp;<abbr class=\"required\" title=\"privaloma\" data-no-translation-title=\"\">*<\/abbr><\/label><span class=\"woocommerce-input-wrapper\"><input type=\"text\" class=\"input-text input-text\" name=\"pintines_user_login\" id=\"pintines_user_login\" placeholder=\"\"  value=\"\" aria-describedby=\"pintines_user_login-description\" \/><span class=\"description\" id=\"pintines_user_login-description\" aria-hidden=\"true\">Choose a unique username you will use to log in.<\/span><\/span><\/p><h3>Contact person<\/h3><p class=\"form-row form-row-first validate-required\" id=\"pintines_first_name_field\" data-priority=\"\"><label for=\"pintines_first_name\" class=\"\">Name \/ Vardas&nbsp;<abbr class=\"required\" title=\"privaloma\" data-no-translation-title=\"\">*<\/abbr><\/label><span class=\"woocommerce-input-wrapper\"><input type=\"text\" class=\"input-text input-text\" name=\"pintines_first_name\" id=\"pintines_first_name\" placeholder=\"\"  value=\"\"  \/><\/span><\/p><p class=\"form-row form-row-last validate-required\" id=\"pintines_last_name_field\" data-priority=\"\"><label for=\"pintines_last_name\" class=\"\">Surname \/ Pavard\u0117&nbsp;<abbr class=\"required\" title=\"privaloma\" data-no-translation-title=\"\">*<\/abbr><\/label><span class=\"woocommerce-input-wrapper\"><input type=\"text\" class=\"input-text input-text\" name=\"pintines_last_name\" id=\"pintines_last_name\" placeholder=\"\"  value=\"\"  \/><\/span><\/p><p class=\"form-row form-row-wide\" id=\"pintines_phone_field\" data-priority=\"\"><label for=\"pintines_phone\" class=\"\">Phone number \/ Telefonas (optional)&nbsp;<span class=\"optional\">(neb\u016btinas)<\/span><\/label><span class=\"woocommerce-input-wrapper\"><input type=\"text\" class=\"input-text input-text\" name=\"pintines_phone\" id=\"pintines_phone\" placeholder=\"\"  value=\"\" aria-describedby=\"pintines_phone-description\" \/><span class=\"description\" id=\"pintines_phone-description\" aria-hidden=\"true\">We will contact you on this number only if we need more info about your company.<\/span><\/span><\/p><div class=\"clear\"><\/div><h3>Wholesale company details<\/h3><p class=\"form-row form-row-wide validate-required\" id=\"pintines_company_name_field\" data-priority=\"\"><label for=\"pintines_company_name\" class=\"\">Company name \/ \u012emon\u0117s pavadinimas&nbsp;<abbr class=\"required\" title=\"privaloma\" data-no-translation-title=\"\">*<\/abbr><\/label><span class=\"woocommerce-input-wrapper\"><input type=\"text\" class=\"input-text input-text\" name=\"pintines_company_name\" id=\"pintines_company_name\" placeholder=\"\"  value=\"\"  \/><\/span><\/p><p class=\"form-row form-row-wide validate-required\" id=\"pintines_company_registry_field\" data-priority=\"\"><label for=\"pintines_company_registry\" class=\"\">Register code \/ \u012emon\u0117s kodas&nbsp;<abbr class=\"required\" title=\"privaloma\" data-no-translation-title=\"\">*<\/abbr><\/label><span class=\"woocommerce-input-wrapper\"><input type=\"text\" class=\"input-text input-text\" name=\"pintines_company_registry\" id=\"pintines_company_registry\" placeholder=\"\"  value=\"\"  \/><\/span><\/p><p class=\"form-row form-row-wide\" id=\"pintines_company_vat_field\" data-priority=\"\"><label for=\"pintines_company_vat\" class=\"\">VAT code \/ PVM kodas (optional)&nbsp;<span class=\"optional\">(neb\u016btinas)<\/span><\/label><span class=\"woocommerce-input-wrapper\"><input type=\"text\" class=\"input-text input-text\" name=\"pintines_company_vat\" id=\"pintines_company_vat\" placeholder=\"\"  value=\"\" autocomplete=\"off\" inputmode=\"text\" spellcheck=\"false\" aria-describedby=\"pintines_company_vat-description\" \/><span class=\"description\" id=\"pintines_company_vat-description\" aria-hidden=\"true\">Enter an EU VAT ID or national tax number if you have one.<\/span><\/span><\/p><p class=\"form-row form-row-wide validate-required\" id=\"pintines_company_address_1_field\" data-priority=\"\"><label for=\"pintines_company_address_1\" class=\"\">Legal address \/ Registracijos adresas&nbsp;<abbr class=\"required\" title=\"privaloma\" data-no-translation-title=\"\">*<\/abbr><\/label><span class=\"woocommerce-input-wrapper\"><input type=\"text\" class=\"input-text input-text\" name=\"pintines_company_address_1\" id=\"pintines_company_address_1\" placeholder=\"\"  value=\"\"  \/><\/span><\/p><p class=\"form-row form-row-first validate-required\" id=\"pintines_company_city_field\" data-priority=\"\"><label for=\"pintines_company_city\" class=\"\">City \/ Miestas&nbsp;<abbr class=\"required\" title=\"privaloma\" data-no-translation-title=\"\">*<\/abbr><\/label><span class=\"woocommerce-input-wrapper\"><input type=\"text\" class=\"input-text input-text\" name=\"pintines_company_city\" id=\"pintines_company_city\" placeholder=\"\"  value=\"\"  \/><\/span><\/p><p class=\"form-row form-row-last validate-required\" id=\"pintines_company_postcode_field\" data-priority=\"\"><label for=\"pintines_company_postcode\" class=\"\">Postal code \/ Pa\u0161to kodas&nbsp;<abbr class=\"required\" title=\"privaloma\" data-no-translation-title=\"\">*<\/abbr><\/label><span class=\"woocommerce-input-wrapper\"><input type=\"text\" class=\"input-text input-text\" name=\"pintines_company_postcode\" id=\"pintines_company_postcode\" placeholder=\"\"  value=\"\"  \/><\/span><\/p><p class=\"form-row form-row-wide validate-required\" id=\"pintines_company_country_field\" data-priority=\"\"><label for=\"pintines_company_country\" class=\"\">Company country \/ \u0160alis&nbsp;<abbr class=\"required\" title=\"privaloma\" data-no-translation-title=\"\">*<\/abbr><\/label><span class=\"woocommerce-input-wrapper\"><select name=\"pintines_company_country\" id=\"pintines_company_country\" class=\"select\" data-allow_clear=\"true\" data-placeholder=\"Select a country\">\n\t\t\t\t\t\t\t<option value=\"\"  selected='selected'>Select a country<\/option><option value=\"AF\" >Afganistanas<\/option><option value=\"IE\" >Airija<\/option><option value=\"AX\" >Aland\u0173 salos<\/option><option value=\"AL\" >Albanija<\/option><option value=\"DZ\" >Al\u017eyras<\/option><option value=\"AS\" >Amerikos Samoa<\/option><option value=\"AD\" >Andora<\/option><option value=\"AI\" >Angilija<\/option><option value=\"AO\" >Angola<\/option><option value=\"AQ\" >Antarktida<\/option><option value=\"AG\" >Antigva ir Barbuda<\/option><option value=\"AR\" >Argentina<\/option><option value=\"AM\" >Arm\u0117nija<\/option><option value=\"AW\" >Aruba<\/option><option value=\"AU\" >Australija<\/option><option value=\"AT\" >Austrija<\/option><option value=\"AZ\" >Azerbaid\u017eanas<\/option><option value=\"BS\" >Bahamai<\/option><option value=\"BH\" >Bahreinas<\/option><option value=\"BY\" >Baltarusija<\/option><option value=\"BD\" >Banglade\u0161as<\/option><option value=\"BB\" >Barbadosas<\/option><option value=\"PW\" >Belau<\/option><option value=\"BE\" >Belgija<\/option><option value=\"BZ\" >Belizas<\/option><option value=\"BJ\" >Beninas<\/option><option value=\"BM\" >Bermudai<\/option><option value=\"BQ\" >BES salos (Karib\u0173 Nyderlandai)<\/option><option value=\"GW\" >Bisau Gvin\u0117ja<\/option><option value=\"BO\" >Bolivija<\/option><option value=\"BA\" >Bosnija ir Hercegovina<\/option><option value=\"BW\" >Botsvana<\/option><option value=\"BR\" >Brazilija<\/option><option value=\"BN\" >Brun\u0117jus<\/option><option value=\"BG\" >Bulgarija<\/option><option value=\"BF\" >Burkina Fasas<\/option><option value=\"BI\" >Burundis<\/option><option value=\"BT\" >Butanas<\/option><option value=\"BV\" >Buv\u0117 sala<\/option><option value=\"CF\" >Centrin\u0117 Afrikos Respublika<\/option><option value=\"TD\" >\u010cadas<\/option><option value=\"CZ\" >\u010cekija<\/option><option value=\"CL\" >\u010cil\u0117<\/option><option value=\"DK\" >Danija<\/option><option value=\"DM\" >Dominika<\/option><option value=\"DO\" >Dominikos Respublika<\/option><option value=\"CI\" >Dramblio Kaulo Krantas<\/option><option value=\"JE\" >D\u017eersis<\/option><option value=\"DJ\" >D\u017eibutis<\/option><option value=\"EG\" >Egiptas<\/option><option value=\"EC\" >Ekvadoras<\/option><option value=\"ER\" >Eritr\u0117ja<\/option><option value=\"EE\" >Estija<\/option><option value=\"SZ\" >Eswatini<\/option><option value=\"ET\" >Etiopija<\/option><option value=\"FO\" >Farer\u0173 salos<\/option><option value=\"FJ\" >Fid\u017eis<\/option><option value=\"PH\" >Filipinai<\/option><option value=\"FK\" >Folklando salos<\/option><option value=\"GA\" >Gabonas<\/option><option value=\"GY\" >Gajana<\/option><option value=\"GM\" >Gambija<\/option><option value=\"GH\" >Gana<\/option><option value=\"GG\" >Gernsis<\/option><option value=\"GI\" >Gibraltaras<\/option><option value=\"GR\" >Graikija<\/option><option value=\"GD\" >Grenada<\/option><option value=\"GL\" >Grenlandija<\/option><option value=\"GU\" >Guamas<\/option><option value=\"GP\" >Gvadelupa<\/option><option value=\"GT\" >Gvatemala<\/option><option value=\"GN\" >Gvin\u0117ja<\/option><option value=\"HT\" >Haitis<\/option><option value=\"HM\" >Herdas ir Makdonaldas<\/option><option value=\"HN\" >Hond\u016bras<\/option><option value=\"HK\" >Honkongas<\/option><option value=\"IN\" >Indija<\/option><option value=\"IO\" >Indijos Vandenyno Brit\u0173 Sritis<\/option><option value=\"ID\" >Indonezija<\/option><option value=\"IQ\" >Irakas<\/option><option value=\"IR\" >Iranas<\/option><option value=\"IS\" >Islandija<\/option><option value=\"ES\" >Ispanija<\/option><option value=\"IT\" >Italija<\/option><option value=\"IL\" >Izraelis<\/option><option value=\"JM\" >Jamaika<\/option><option value=\"JP\" >Japonija<\/option><option value=\"UM\" >JAV I\u0161orin\u0117s Ma\u017eosios salos<\/option><option value=\"YE\" >Jemenas<\/option><option value=\"JO\" >Jordanija<\/option><option value=\"GB\" >Jungtin\u0117 Karalyst\u0117 (JK)<\/option><option value=\"US\" >Jungtin\u0117s Amerikos Valstijos (JAV)<\/option><option value=\"AE\" >Jungtiniai Arab\u0173 Emyratai<\/option><option value=\"ME\" >Juodkalnija<\/option><option value=\"KY\" >Kaiman\u0173 salos<\/option><option value=\"CX\" >Kal\u0117d\u0173 sala<\/option><option value=\"KH\" >Kambod\u017ea<\/option><option value=\"CM\" >Kamer\u016bnas<\/option><option value=\"CA\" >Kanada<\/option><option value=\"QA\" >Kataras<\/option><option value=\"KZ\" >Kazachstanas<\/option><option value=\"KE\" >Kenija<\/option><option value=\"CN\" >Kinija<\/option><option value=\"CY\" >Kipras<\/option><option value=\"KG\" >Kirgizija<\/option><option value=\"KI\" >Kiribatis<\/option><option value=\"CW\" >Kiurasao<\/option><option value=\"CC\" >Kokos\u0173 sala<\/option><option value=\"CO\" >Kolumbija<\/option><option value=\"KM\" >Komorai<\/option><option value=\"CG\" >Kongas (Brazivilis)<\/option><option value=\"CD\" >Kongas (Kin\u0161asa)<\/option><option value=\"CR\" >Kosta Rika<\/option><option value=\"HR\" >Kroatija<\/option><option value=\"CU\" >Kuba<\/option><option value=\"CK\" >Kuko salos<\/option><option value=\"KW\" >Kuveitas<\/option><option value=\"LA\" >Laosas<\/option><option value=\"LV\" >Latvija<\/option><option value=\"PL\" >Lenkija<\/option><option value=\"LS\" >Lesotas<\/option><option value=\"LB\" >Libanas<\/option><option value=\"LR\" >Liberija<\/option><option value=\"LY\" >Libija<\/option><option value=\"LI\" >Lichten\u0161teinas<\/option><option value=\"LT\" >Lietuva<\/option><option value=\"LU\" >Liuksemburgas<\/option><option value=\"MG\" >Madagaskaras<\/option><option value=\"YT\" >Majotas<\/option><option value=\"MO\" >Makao<\/option><option value=\"MY\" >Malaizija<\/option><option value=\"MW\" >Malavis<\/option><option value=\"MV\" >Maldyvai<\/option><option value=\"ML\" >Malis<\/option><option value=\"MT\" >Malta<\/option><option value=\"MA\" >Marokas<\/option><option value=\"MH\" >Mar\u0161alo salos<\/option><option value=\"MQ\" >Martinika<\/option><option value=\"MU\" >Mauricijus<\/option><option value=\"MR\" >Mauritanija<\/option><option value=\"MX\" >Meksika<\/option><option value=\"IM\" >Meno sala<\/option><option value=\"VG\" >Mergeli\u0173 salos (Did\u017eiosios Britanijos)<\/option><option value=\"VI\" >Mergeli\u0173 salos (JAV)<\/option><option value=\"MM\" >Mianmaras<\/option><option value=\"FM\" >Mikronezija<\/option><option value=\"MD\" >Moldova<\/option><option value=\"MC\" >Monakas<\/option><option value=\"MN\" >Mongolija<\/option><option value=\"MS\" >Montseratas<\/option><option value=\"MZ\" >Mozambikas<\/option><option value=\"NA\" >Namibija<\/option><option value=\"NC\" >Naujoji Kaledonija<\/option><option value=\"NZ\" >Naujoji Zelandija<\/option><option value=\"NR\" >Nauru<\/option><option value=\"NP\" >Nepalas<\/option><option value=\"NL\" >Nyderlandai<\/option><option value=\"NG\" >Nigerija<\/option><option value=\"NE\" >Nigeris<\/option><option value=\"NI\" >Nikaragva<\/option><option value=\"NU\" >Niuj\u0117<\/option><option value=\"NF\" >Norfolkas<\/option><option value=\"NO\" >Norvegija<\/option><option value=\"OM\" >Omanas<\/option><option value=\"PK\" >Pakistanas<\/option><option value=\"PS\" >Palestina<\/option><option value=\"PA\" >Panama<\/option><option value=\"PG\" >Papua Naujoji Gvin\u0117ja<\/option><option value=\"PY\" >Paragvajus<\/option><option value=\"PE\" >Peru<\/option><option value=\"ZA\" >Piet\u0173 Afrika<\/option><option value=\"GS\" >Piet\u0173 D\u017eord\u017eijos \/ Sandvi\u010do salos<\/option><option value=\"KR\" >Piet\u0173 Kor\u0117ja<\/option><option value=\"SS\" >Piet\u0173 Sudanas<\/option><option value=\"PN\" >Pitkerno salos<\/option><option value=\"PT\" >Portugalija<\/option><option value=\"FR\" >Pranc\u016bzija<\/option><option value=\"GF\" >Pranc\u016bzijos Gviana<\/option><option value=\"TF\" >Pranc\u016bzijos Piet\u0173 Sritys<\/option><option value=\"PF\" >Pranc\u016bzijos Polinezija<\/option><option value=\"PR\" >Puerto Rikas<\/option><option value=\"GQ\" >Pusiaujo Gvin\u0117ja<\/option><option value=\"RE\" >Reunjonas<\/option><option value=\"TL\" >Ryt\u0173 Timoras<\/option><option value=\"RW\" >Ruanda<\/option><option value=\"RO\" >Rumunija<\/option><option value=\"RU\" >Rusija<\/option><option value=\"GE\" >Sakartvelas<\/option><option value=\"SB\" >Saliamono salos<\/option><option value=\"SV\" >Salvadoras<\/option><option value=\"WS\" >Samoa<\/option><option value=\"SM\" >San Marinas<\/option><option value=\"SX\" >San Martenas (oland\u0173 dalis)<\/option><option value=\"MF\" >San Martenas (pranc\u016bz\u0173 dalis)<\/option><option value=\"ST\" >San Tom\u0117 ir Prinsip\u0117<\/option><option value=\"SA\" >Saudo Arabija<\/option><option value=\"SC\" >Sei\u0161eliai<\/option><option value=\"PM\" >Sen Pjeras ir Mikelonas<\/option><option value=\"SN\" >Senegalas<\/option><option value=\"KN\" >Sent Kitsas ir Nevis<\/option><option value=\"LC\" >Sent Lusija<\/option><option value=\"VC\" >Sent Vinsentas ir Grenadinai<\/option><option value=\"RS\" >Serbija<\/option><option value=\"SL\" >Siera Leon\u0117<\/option><option value=\"SG\" >Singap\u016bras<\/option><option value=\"SY\" >Sirija<\/option><option value=\"SK\" >Slovakija<\/option><option value=\"SI\" >Slov\u0117nija<\/option><option value=\"SO\" >Somalis<\/option><option value=\"SD\" >Sudanas<\/option><option value=\"FI\" >Suomija<\/option><option value=\"SR\" >Surinamas<\/option><option value=\"SJ\" >Svalbardas ir Jan Majenas<\/option><option value=\"KP\" >\u0160iaur\u0117s Kor\u0117ja<\/option><option value=\"MK\" >\u0160iaur\u0117s Makedonija<\/option><option value=\"MP\" >\u0160iaur\u0117s Marian\u0173 salos<\/option><option value=\"LK\" >\u0160ri Lanka<\/option><option value=\"BL\" >\u0160v. Bartolom\u0117jaus sala<\/option><option value=\"SH\" >\u0160v. Elenos sala<\/option><option value=\"SE\" >\u0160vedija<\/option><option value=\"CH\" >\u0160veicarija<\/option><option value=\"TJ\" >Tad\u017eikistanas<\/option><option value=\"TH\" >Tailandas<\/option><option value=\"TW\" >Taivanas<\/option><option value=\"TZ\" >Tanzanija<\/option><option value=\"TC\" >Terksas ir Kaikosas<\/option><option value=\"TG\" >Togas<\/option><option value=\"TK\" >Tokelau<\/option><option value=\"TO\" >Tonga<\/option><option value=\"TT\" >Trinidadas ir Tobagas<\/option><option value=\"TN\" >Tunisas<\/option><option value=\"TR\" >Turkija<\/option><option value=\"TM\" >Turkmenistanas<\/option><option value=\"TV\" >Tuvalu<\/option><option value=\"UG\" >Uganda<\/option><option value=\"UA\" >Ukraina<\/option><option value=\"UY\" >Urugvajus<\/option><option value=\"UZ\" >Uzbekistanas<\/option><option value=\"EH\" >Vakar\u0173 Sachara<\/option><option value=\"VU\" >Vanuatu<\/option><option value=\"VA\" >Vatikanas<\/option><option value=\"VE\" >Venesuela<\/option><option value=\"HU\" >Vengrija<\/option><option value=\"VN\" >Vietnamas<\/option><option value=\"DE\" >Vokietija<\/option><option value=\"WF\" >Volisas ir Fut\u016bna<\/option><option value=\"ZM\" >Zambija<\/option><option value=\"ZW\" >Zimbabv\u0117<\/option><option value=\"CV\" >\u017daliasis Ky\u0161ulys<\/option>\n\t\t\t\t\t\t<\/select><\/span><\/p><input type=\"hidden\" name=\"pintines_registration_token\" value=\"1\" \/><\/div><input type=\"hidden\" name=\"wc_order_attribution_source_type\" value=\"\" \/><input type=\"hidden\" name=\"wc_order_attribution_referrer\" value=\"\" \/><input type=\"hidden\" name=\"wc_order_attribution_utm_campaign\" value=\"\" \/><input type=\"hidden\" name=\"wc_order_attribution_utm_source\" value=\"\" \/><input type=\"hidden\" name=\"wc_order_attribution_utm_medium\" value=\"\" \/><input type=\"hidden\" name=\"wc_order_attribution_utm_content\" value=\"\" \/><input type=\"hidden\" name=\"wc_order_attribution_utm_id\" value=\"\" \/><input type=\"hidden\" name=\"wc_order_attribution_utm_term\" value=\"\" \/><input type=\"hidden\" name=\"wc_order_attribution_session_entry\" value=\"\" \/><input type=\"hidden\" name=\"wc_order_attribution_session_start_time\" value=\"\" \/><input type=\"hidden\" name=\"wc_order_attribution_session_pages\" value=\"\" \/><input type=\"hidden\" name=\"wc_order_attribution_session_count\" value=\"\" \/><input type=\"hidden\" name=\"wc_order_attribution_user_agent\" value=\"\" \/><div class=\"woocommerce-privacy-policy-text\"><p>Your personal data will be used to support your experience throughout this website, to manage access to your account, and for other purposes described in our <a href=\"\" class=\"woocommerce-privacy-policy-link\" target=\"_blank\" data-no-translation=\"\" data-trp-gettext=\"\">privatumo politikoje<\/a>.<\/p>\n<\/div>\t\t\n\t\t\t<p class=\"woocommerce-form-row form-row form-row-btn\">\n\t\t\t\t<input type=\"hidden\" id=\"woocommerce-register-nonce\" name=\"woocommerce-register-nonce\" value=\"d8699abd4c\" \/><input type=\"hidden\" name=\"_wp_http_referer\" value=\"\/lt\/wp-json\/wp\/v2\/pages\/12\" \/>\t\t\t\t<button type=\"submit\" class=\"woocommerce-Button woocommerce-button button\" name=\"register\" value=\"Registruotis\" data-no-translation=\"\" data-trp-gettext=\"\" data-no-translation-value=\"\">Registruotis<\/button>\n\t\t\t<\/p>\n\t\t\n\t\t\t\t\t\n\t\t<input type=\"hidden\" name=\"trp-form-language\" value=\"lt\"\/><\/form>\n\t\t\n\t<\/div>\n\n\t\t\t<div class=\"wd-col col-register-text\">\n\n\t\t\t<p class=\"title wd-login-divider\"><span>Or<\/span><\/p>\n\n\t\t\t\n\t\t\t\t\t\t\t<h2 class=\"wd-login-title\">Register<\/h2>\n\t\t\t\n\t\t\t\n\t\t\t\t\t\t\t<div class=\"registration-info\">Registering for this site allows you to access your order status and history. Just fill in the fields below, and we'll get a new account set up for you in no time. We will only ask you for information necessary to make the purchase process faster and easier.<\/div>\n\t\t\t\n\t\t\t\n\t\t\t<a href=\"#\" rel=\"nofollow noopener\" class=\"btn wd-switch-to-register\" data-login=\"Prisijungti\" data-login-title=\"Login\" data-reg-title=\"Register\" data-register=\"Registruotis\" data-no-translation=\"\" data-trp-gettext=\"\" data-no-translation-data-login=\"\" data-no-translation-data-register=\"\">Registruotis<\/a>\n\n\t\t<\/div>\n\t\n<\/div>\n\n<\/div>\n\n<\/div>","protected":false},"excerpt":{"rendered":"","protected":false},"author":1,"featured_media":0,"parent":0,"menu_order":0,"comment_status":"closed","ping_status":"closed","template":"","meta":{"_monsterinsights_skip_tracking":false,"_monsterinsights_sitenote_active":false,"_monsterinsights_sitenote_note":"","_monsterinsights_sitenote_category":0,"footnotes":""},"_links":{"self":[{"href":"https:\/\/pintines.com\/lt\/wp-json\/wp\/v2\/pages\/12"}],"collection":[{"href":"https:\/\/pintines.com\/lt\/wp-json\/wp\/v2\/pages"}],"about":[{"href":"https:\/\/pintines.com\/lt\/wp-json\/wp\/v2\/types\/page"}],"author":[{"embeddable":true,"href":"https:\/\/pintines.com\/lt\/wp-json\/wp\/v2\/users\/1"}],"replies":[{"embeddable":true,"href":"https:\/\/pintines.com\/lt\/wp-json\/wp\/v2\/comments?post=12"}],"version-history":[{"count":0,"href":"https:\/\/pintines.com\/lt\/wp-json\/wp\/v2\/pages\/12\/revisions"}],"wp:attachment":[{"href":"https:\/\/pintines.com\/lt\/wp-json\/wp\/v2\/media?parent=12"}],"curies":[{"name":"wp","href":"https:\/\/api.w.org\/{rel}","templated":true}]}}