{"id":13812,"date":"2025-05-25T12:19:04","date_gmt":"2025-05-25T12:19:04","guid":{"rendered":"https:\/\/pintines.com\/?post_type=product&#038;p=13812"},"modified":"2026-01-28T13:04:07","modified_gmt":"2026-01-28T11:04:07","slug":"dovanu-krepselis-stiprybes-formule","status":"publish","type":"product","link":"https:\/\/pintines.com\/en\/product\/dovanu-krepselis-stiprybes-formule\/","title":{"rendered":"Dovan\u0173 krep\u0161elis &#8220;Stipryb\u0117s formul\u0117"},"content":{"rendered":"","protected":false},"excerpt":{"rendered":"<p>Dovan\u0173 krep\u0161elio sud\u0117tis:<\/p>\n<ul>\n<li>Kiau\u0161inis HORSE su \u017eaislu ir saldumynais x 1 vnt. ;<\/li>\n<li>Guminukai MANGO JAM su \u017eele x 1 vnt.;<\/li>\n<li>Guminukai SOUR BELT ROLL x 1 vnt.;<\/li>\n<li>Saldainis BURGERIS x 1 vnt.;<\/li>\n<li>\u010ciulpinukas GRYBAS x 1 vnt.;<\/li>\n<li>Kramtomoji gumas LOVE IS x 3 vnt.;<\/li>\n<li>Vaisi\u0173 \u017eel\u0117 buteliuke x 1 vnt.;<\/li>\n<li>Saldainis M\u0116LYN\u0116 x 1 vnt.;<\/li>\n<li>krep\u0161elis S 26\u00d712xH112;<\/li>\n<li>Pakavimo priemon\u0117s.<\/li>\n<\/ul>\n<p>Krep\u0161elio sud\u0117tis gali keistis priklausomai nuo turim\u0173 preki\u0173, nesikei\u010diant kainai.<\/p>\n","protected":false},"featured_media":13840,"template":"","meta":{"_monsterinsights_skip_tracking":false,"_monsterinsights_sitenote_active":false,"_monsterinsights_sitenote_note":"","_monsterinsights_sitenote_category":0},"product_cat":[173,172],"product_tag":[],"_links":{"self":[{"href":"https:\/\/pintines.com\/en\/wp-json\/wp\/v2\/product\/13812"}],"collection":[{"href":"https:\/\/pintines.com\/en\/wp-json\/wp\/v2\/product"}],"about":[{"href":"https:\/\/pintines.com\/en\/wp-json\/wp\/v2\/types\/product"}],"version-history":[{"count":1,"href":"https:\/\/pintines.com\/en\/wp-json\/wp\/v2\/product\/13812\/revisions"}],"predecessor-version":[{"id":13841,"href":"https:\/\/pintines.com\/en\/wp-json\/wp\/v2\/product\/13812\/revisions\/13841"}],"wp:featuredmedia":[{"embeddable":true,"href":"https:\/\/pintines.com\/en\/wp-json\/wp\/v2\/media\/13840"}],"wp:attachment":[{"href":"https:\/\/pintines.com\/en\/wp-json\/wp\/v2\/media?parent=13812"}],"wp:term":[{"taxonomy":"product_cat","embeddable":true,"href":"https:\/\/pintines.com\/en\/wp-json\/wp\/v2\/product_cat?post=13812"},{"taxonomy":"product_tag","embeddable":true,"href":"https:\/\/pintines.com\/en\/wp-json\/wp\/v2\/product_tag?post=13812"}],"curies":[{"name":"wp","href":"https:\/\/api.w.org\/{rel}","templated":true}]}}